{"id":1342,"date":"2023-01-27T16:18:05","date_gmt":"2023-01-27T15:18:05","guid":{"rendered":"https:\/\/farewell-celebration.mava-foundation.org\/livre-mava\/"},"modified":"2023-03-09T08:37:20","modified_gmt":"2023-03-09T07:37:20","slug":"livre-mava","status":"publish","type":"page","link":"https:\/\/farewell-celebration.mava-foundation.org\/fr\/livre-mava\/","title":{"rendered":"Livre MAVA"},"content":{"rendered":"<p>[et_pb_section fb_built=\u00a0\u00bb1&Prime; fullwidth=\u00a0\u00bbon\u00a0\u00bb disabled_on=\u00a0\u00bbon|off|off\u00a0\u00bb _builder_version=\u00a0\u00bb4.19.1&Prime; _module_preset=\u00a0\u00bbdefault\u00a0\u00bb background_image=\u00a0\u00bbhttps:\/\/farewell-celebration.mava-foundation.org\/wp-content\/uploads\/2022\/11\/MAVA-header-v1.jpg\u00a0\u00bb background_position=\u00a0\u00bbbottom_center\u00a0\u00bb background_vertical_offset=\u00a0\u00bb-5%\u00a0\u00bb height=\u00a0\u00bb500px\u00a0\u00bb global_colors_info=\u00a0\u00bb{}\u00a0\u00bb][\/et_pb_section][et_pb_section fb_built=\u00a0\u00bb1&Prime; fullwidth=\u00a0\u00bbon\u00a0\u00bb disabled_on=\u00a0\u00bboff|on|on\u00a0\u00bb _builder_version=\u00a0\u00bb4.19.1&Prime; _module_preset=\u00a0\u00bbdefault\u00a0\u00bb background_image=\u00a0\u00bbhttps:\/\/farewell-celebration.mava-foundation.org\/wp-content\/uploads\/2023\/01\/MAVA-header-mobile-v1-tiny.jpg\u00a0\u00bb background_position=\u00a0\u00bbbottom_center\u00a0\u00bb background_vertical_offset=\u00a0\u00bb-5%\u00a0\u00bb height=\u00a0\u00bb500px\u00a0\u00bb global_colors_info=\u00a0\u00bb{}\u00a0\u00bb][\/et_pb_section][et_pb_section fb_built=\u00a0\u00bb1&Prime; _builder_version=\u00a0\u00bb4.19.1&Prime; _module_preset=\u00a0\u00bbdefault\u00a0\u00bb bottom_divider_style=\u00a0\u00bbwave\u00a0\u00bb bottom_divider_color=\u00a0\u00bb#006892&Prime; global_colors_info=\u00a0\u00bb{}\u00a0\u00bb][et_pb_row module_id=\u00a0\u00bbprogramme\u00a0\u00bb _builder_version=\u00a0\u00bb4.19.1&Prime; _module_preset=\u00a0\u00bbdefault\u00a0\u00bb custom_margin=\u00a0\u00bb||0px||false|false\u00a0\u00bb global_colors_info=\u00a0\u00bb{}\u00a0\u00bb][et_pb_column type=\u00a0\u00bb4_4&Prime; _builder_version=\u00a0\u00bb4.19.1&Prime; _module_preset=\u00a0\u00bbdefault\u00a0\u00bb global_colors_info=\u00a0\u00bb{}\u00a0\u00bb][et_pb_text _builder_version=\u00a0\u00bb4.19.1&Prime; _module_preset=\u00a0\u00bbdefault\u00a0\u00bb header_font=\u00a0\u00bb|||on|||||\u00a0\u00bb header_text_align=\u00a0\u00bbcenter\u00a0\u00bb header_text_color=\u00a0\u00bb#6ead2f\u00a0\u00bb header_letter_spacing=\u00a0\u00bb3px\u00a0\u00bb header_font_size_tablet=\u00a0\u00bb\u00a0\u00bb header_font_size_phone=\u00a0\u00bb30px\u00a0\u00bb header_font_size_last_edited=\u00a0\u00bbon|phone\u00a0\u00bb global_colors_info=\u00a0\u00bb{}\u00a0\u00bb]<\/p>\n<h1>Le Livre MAVA<\/h1>\n<p>[\/et_pb_text][\/et_pb_column][\/et_pb_row][et_pb_row column_structure=\u00a0\u00bb1_2,1_2&Prime; _builder_version=\u00a0\u00bb4.19.1&Prime; _module_preset=\u00a0\u00bbdefault\u00a0\u00bb custom_margin=\u00a0\u00bb||50px||false|false\u00a0\u00bb global_colors_info=\u00a0\u00bb{}\u00a0\u00bb][et_pb_column type=\u00a0\u00bb1_2&Prime; _builder_version=\u00a0\u00bb4.19.1&Prime; _module_preset=\u00a0\u00bbdefault\u00a0\u00bb global_colors_info=\u00a0\u00bb{}\u00a0\u00bb][et_pb_text _builder_version=\u00a0\u00bb4.19.1&Prime; _module_preset=\u00a0\u00bbdefault\u00a0\u00bb text_text_color=\u00a0\u00bb#000000&Prime; text_font_size=\u00a0\u00bb18px\u00a0\u00bb text_line_height=\u00a0\u00bb1.6em\u00a0\u00bb custom_margin=\u00a0\u00bb100px||||false|false\u00a0\u00bb custom_margin_tablet=\u00a0\u00bb0px|50px||50px|false|true\u00a0\u00bb custom_margin_phone=\u00a0\u00bb0px|15px||15px|false|true\u00a0\u00bb custom_margin_last_edited=\u00a0\u00bbon|tablet\u00a0\u00bb hover_enabled=\u00a0\u00bb0&Prime; text_orientation_tablet=\u00a0\u00bbcenter\u00a0\u00bb text_orientation_phone=\u00a0\u00bbcenter\u00a0\u00bb text_orientation_last_edited=\u00a0\u00bbon|tablet\u00a0\u00bb global_colors_info=\u00a0\u00bb{}\u00a0\u00bb sticky_enabled=\u00a0\u00bb0&Prime;]<\/p>\n<p><em>Ce livre retrace l\u2019histoire et la philosophie de la Fondation MAVA et rend hommage au travail inestimable r\u00e9alis\u00e9 par ses partenaires tout au long de son existence.<\/em><\/p>\n<p><em>La MAVA a \u00e9t\u00e9 fond\u00e9e par le Dr Luc Hoffmann en 1994 pour soutenir la conservation de la biodiversit\u00e9. Elle a plus tard \u00e9t\u00e9 pr\u00e9sid\u00e9e par son fils Andr\u00e9.<\/em><\/p>\n<p><em>La fondation \u00e9tait un bailleur cl\u00e9 dans le domaine de la conservation de la nature et a travaill\u00e9 avec plus de 500 partenaires jusqu\u2019en 2022, date de sa fermeture. Ce livre pr\u00e9sente une petite s\u00e9lection de t\u00e9moignages et d\u2019histoires des partenaires ainsi que de la MAVA.<\/em><\/p>\n<p>Vous pouvez <a href=\"https:\/\/farewell-celebration.mava-foundation.org\/wp-content\/uploads\/2023\/03\/MAVA-FRENCH_FULL-Book.pdf\" target=\"_blank\" rel=\"noopener\">t\u00e9l\u00e9charger le livre ici<\/a>.<\/p>\n<p>Ou si le fichier ci-dessus est trop lourd, vous pouvez t\u00e9l\u00e9charger le livre en 3 parties ici :<\/p>\n<p><a href=\"https:\/\/farewell-celebration.mava-foundation.org\/wp-content\/uploads\/2023\/03\/MAVA-FRENCH-pages-1-57.pdf\" target=\"_blank\" rel=\"noopener\">LIVRE MAVA \u2013 PARTIE 1: Introduction, Histoire, Approche<\/a><\/p>\n<p><a href=\"https:\/\/farewell-celebration.mava-foundation.org\/wp-content\/uploads\/2023\/03\/MAVA-FRENCH-pages-58-141.pdf\" target=\"_blank\" rel=\"noopener\">LIVRE MAVA \u2013 PARTIE 2: Quelques projets phares<\/a><\/p>\n<p><a href=\"https:\/\/farewell-celebration.mava-foundation.org\/wp-content\/uploads\/2023\/03\/MAVA-FRENCH-pages-142-244.pdf\" target=\"_blank\" rel=\"noopener\">LIVRE MAVA \u2013 PARTIE 3: Souvenirs de la MAVA, Conclusion, Remerciements et Annexes<\/a><\/p>\n<p>[\/et_pb_text][\/et_pb_column][et_pb_column type=\u00a0\u00bb1_2&Prime; _builder_version=\u00a0\u00bb4.19.1&Prime; _module_preset=\u00a0\u00bbdefault\u00a0\u00bb global_colors_info=\u00a0\u00bb{}\u00a0\u00bb][et_pb_image src=\u00a0\u00bbhttps:\/\/farewell-celebration.mava-foundation.org\/wp-content\/uploads\/2023\/01\/Image-MAVA-book-cover-Reduced.jpg\u00a0\u00bb alt=\u00a0\u00bbLa couverture du livre MAVA, nomm\u00e9 %22MAVA Foundation : For People and Nature : 1994-2022%22, et sur laquelle figure la photo d&rsquo;un voilier sur l&rsquo;eau avec des oiseaux volant en arri\u00e8re-plan, le tout illumin\u00e9 par des nuances jaunes. \u00a0\u00bb title_text=\u00a0\u00bbImage MAVA book cover-Reduced\u00a0\u00bb align=\u00a0\u00bbcenter\u00a0\u00bb _builder_version=\u00a0\u00bb4.19.1&Prime; _module_preset=\u00a0\u00bbdefault\u00a0\u00bb custom_margin=\u00a0\u00bb||50px||false|true\u00a0\u00bb custom_margin_tablet=\u00a0\u00bb||50px||false|true\u00a0\u00bb custom_margin_phone=\u00a0\u00bb|25px|50px|25px|false|true\u00a0\u00bb custom_margin_last_edited=\u00a0\u00bbon|desktop\u00a0\u00bb global_colors_info=\u00a0\u00bb{}\u00a0\u00bb][\/et_pb_image][\/et_pb_column][\/et_pb_row][\/et_pb_section]<\/p>\n","protected":false},"excerpt":{"rendered":"<p>Le Livre MAVACe livre retrace l\u2019histoire et la philosophie de la Fondation MAVA et rend hommage au travail inestimable r\u00e9alis\u00e9 par ses partenaires tout au long de son existence. La [&hellip;]<\/p>\n","protected":false},"author":2,"featured_media":0,"parent":0,"menu_order":0,"comment_status":"closed","ping_status":"closed","template":"","meta":{"_et_pb_use_builder":"on","_et_pb_old_content":"","_et_gb_content_width":"","footnotes":""},"class_list":["post-1342","page","type-page","status-publish","hentry"],"_links":{"self":[{"href":"https:\/\/farewell-celebration.mava-foundation.org\/fr\/wp-json\/wp\/v2\/pages\/1342","targetHints":{"allow":["GET"]}}],"collection":[{"href":"https:\/\/farewell-celebration.mava-foundation.org\/fr\/wp-json\/wp\/v2\/pages"}],"about":[{"href":"https:\/\/farewell-celebration.mava-foundation.org\/fr\/wp-json\/wp\/v2\/types\/page"}],"author":[{"embeddable":true,"href":"https:\/\/farewell-celebration.mava-foundation.org\/fr\/wp-json\/wp\/v2\/users\/2"}],"replies":[{"embeddable":true,"href":"https:\/\/farewell-celebration.mava-foundation.org\/fr\/wp-json\/wp\/v2\/comments?post=1342"}],"version-history":[{"count":7,"href":"https:\/\/farewell-celebration.mava-foundation.org\/fr\/wp-json\/wp\/v2\/pages\/1342\/revisions"}],"predecessor-version":[{"id":1795,"href":"https:\/\/farewell-celebration.mava-foundation.org\/fr\/wp-json\/wp\/v2\/pages\/1342\/revisions\/1795"}],"wp:attachment":[{"href":"https:\/\/farewell-celebration.mava-foundation.org\/fr\/wp-json\/wp\/v2\/media?parent=1342"}],"curies":[{"name":"wp","href":"https:\/\/api.w.org\/{rel}","templated":true}]}}