{"id":1345,"date":"2023-01-31T15:58:05","date_gmt":"2023-01-31T14:58:05","guid":{"rendered":"https:\/\/farewell-celebration.mava-foundation.org\/livre-dor\/"},"modified":"2023-03-29T10:26:16","modified_gmt":"2023-03-29T08:26:16","slug":"livre-dor","status":"publish","type":"page","link":"https:\/\/farewell-celebration.mava-foundation.org\/fr\/livre-dor\/","title":{"rendered":"Livre d&rsquo;or"},"content":{"rendered":"<p>[et_pb_section fb_built=\u00a0\u00bb1&Prime; fullwidth=\u00a0\u00bbon\u00a0\u00bb disabled_on=\u00a0\u00bbon|off|off\u00a0\u00bb _builder_version=\u00a0\u00bb4.19.1&Prime; _module_preset=\u00a0\u00bbdefault\u00a0\u00bb background_image=\u00a0\u00bbhttps:\/\/farewell-celebration.mava-foundation.org\/wp-content\/uploads\/2023\/01\/MAVAGuestbook-Header-ds-v1-tiny.png\u00a0\u00bb background_position=\u00a0\u00bbbottom_center\u00a0\u00bb background_vertical_offset=\u00a0\u00bb-5%\u00a0\u00bb height=\u00a0\u00bb500px\u00a0\u00bb global_colors_info=\u00a0\u00bb{}\u00a0\u00bb][\/et_pb_section][et_pb_section fb_built=\u00a0\u00bb1&Prime; fullwidth=\u00a0\u00bbon\u00a0\u00bb disabled_on=\u00a0\u00bboff|on|on\u00a0\u00bb _builder_version=\u00a0\u00bb4.19.1&Prime; _module_preset=\u00a0\u00bbdefault\u00a0\u00bb background_image=\u00a0\u00bbhttps:\/\/farewell-celebration.mava-foundation.org\/wp-content\/uploads\/2023\/01\/MAVAGuestbook-Header-mobile-v1-tiny.png\u00a0\u00bb background_position=\u00a0\u00bbbottom_center\u00a0\u00bb background_vertical_offset=\u00a0\u00bb-5%\u00a0\u00bb height=\u00a0\u00bb500px\u00a0\u00bb global_colors_info=\u00a0\u00bb{}\u00a0\u00bb][\/et_pb_section][et_pb_section fb_built=\u00a0\u00bb1&Prime; _builder_version=\u00a0\u00bb4.19.1&Prime; _module_preset=\u00a0\u00bbdefault\u00a0\u00bb bottom_divider_style=\u00a0\u00bbwave\u00a0\u00bb bottom_divider_color=\u00a0\u00bb#006892&Prime; global_colors_info=\u00a0\u00bb{}\u00a0\u00bb][et_pb_row module_id=\u00a0\u00bbprogramme\u00a0\u00bb _builder_version=\u00a0\u00bb4.19.1&Prime; _module_preset=\u00a0\u00bbdefault\u00a0\u00bb custom_margin=\u00a0\u00bb||0px||false|false\u00a0\u00bb global_colors_info=\u00a0\u00bb{}\u00a0\u00bb][et_pb_column type=\u00a0\u00bb4_4&Prime; _builder_version=\u00a0\u00bb4.19.1&Prime; _module_preset=\u00a0\u00bbdefault\u00a0\u00bb global_colors_info=\u00a0\u00bb{}\u00a0\u00bb][et_pb_text _builder_version=\u00a0\u00bb4.19.1&Prime; _module_preset=\u00a0\u00bbdefault\u00a0\u00bb header_font=\u00a0\u00bb|||on|||||\u00a0\u00bb header_text_align=\u00a0\u00bbcenter\u00a0\u00bb header_text_color=\u00a0\u00bb#6ead2f\u00a0\u00bb header_font_size=\u00a0\u00bb50px\u00a0\u00bb header_letter_spacing=\u00a0\u00bb1px\u00a0\u00bb header_font_size_tablet=\u00a0\u00bb\u00a0\u00bb header_font_size_phone=\u00a0\u00bb30px\u00a0\u00bb header_font_size_last_edited=\u00a0\u00bbon|phone\u00a0\u00bb global_colors_info=\u00a0\u00bb{}\u00a0\u00bb]<\/p>\n<h1>Livre d&rsquo;or<\/h1>\n<p>[\/et_pb_text][et_pb_text _builder_version=\u00a0\u00bb4.19.1&Prime; _module_preset=\u00a0\u00bbdefault\u00a0\u00bb text_orientation=\u00a0\u00bbcenter\u00a0\u00bb global_colors_info=\u00a0\u00bb{}\u00a0\u00bb]<\/p>\n<p>Vous pouvez partager ci-dessous vos messages de remerciements \u00e0 la famille Hoffmann ainsi qu\u2019au conseil de fondation et l\u2019\u00e9quipe de la MAVA. Il est s\u00fbr que nous prendrons un r\u00e9el plaisir \u00e0 les lire et les relire aujourd\u2019hui, demain et toujours. Nous nous rappellerons toute notre vie ce que nous avons partag\u00e9 ensemble au cours ces 28 ann\u00e9es.<\/p>\n<p>Ce f\u00fbt un honneur de faire ce bout de chemin ensemble et nous souhaitons vous exprimer notre sinc\u00e8re gratitude pour tous vos efforts en faveur d&rsquo;une plan\u00e8te en bonne sant\u00e9 pour l\u2019humain et la nature &#8211; aujourd&rsquo;hui et \u00e0 l&rsquo;avenir !<\/p>\n<p>&nbsp;<\/p>\n<h4><strong>Vous trouverez l&rsquo;option pour laisser votre message au bas de la page ci-dessous.<\/strong><\/h4>\n<p>[\/et_pb_text][\/et_pb_column][\/et_pb_row][et_pb_row _builder_version=\u00a0\u00bb4.19.1&Prime; _module_preset=\u00a0\u00bbdefault\u00a0\u00bb custom_margin=\u00a0\u00bb||50px||false|false\u00a0\u00bb global_colors_info=\u00a0\u00bb{}\u00a0\u00bb][et_pb_column type=\u00a0\u00bb4_4&Prime; _builder_version=\u00a0\u00bb4.19.1&Prime; _module_preset=\u00a0\u00bbdefault\u00a0\u00bb global_colors_info=\u00a0\u00bb{}\u00a0\u00bb][et_pb_comments show_reply=\u00a0\u00bboff\u00a0\u00bb module_class=\u00a0\u00bbnewname\u00a0\u00bb _builder_version=\u00a0\u00bb4.19.1&Prime; _module_preset=\u00a0\u00bbdefault\u00a0\u00bb header_text_color=\u00a0\u00bb#6ead2f\u00a0\u00bb custom_margin=\u00a0\u00bb50px||||false|false\u00a0\u00bb custom_margin_tablet=\u00a0\u00bb50px||||false|false\u00a0\u00bb custom_margin_phone=\u00a0\u00bb75px||||false|false\u00a0\u00bb custom_margin_last_edited=\u00a0\u00bbon|phone\u00a0\u00bb header_font_size_tablet=\u00a0\u00bb\u00a0\u00bb header_font_size_phone=\u00a0\u00bb25px\u00a0\u00bb header_font_size_last_edited=\u00a0\u00bbon|phone\u00a0\u00bb global_colors_info=\u00a0\u00bb{}\u00a0\u00bb][\/et_pb_comments][\/et_pb_column][\/et_pb_row][\/et_pb_section]<\/p>\n","protected":false},"excerpt":{"rendered":"<p>Livre d&rsquo;orVous pouvez partager ci-dessous vos messages de remerciements \u00e0 la famille Hoffmann ainsi qu\u2019au conseil de fondation et l\u2019\u00e9quipe de la MAVA. Il est s\u00fbr que nous prendrons un [&hellip;]<\/p>\n","protected":false},"author":2,"featured_media":0,"parent":0,"menu_order":0,"comment_status":"open","ping_status":"closed","template":"","meta":{"_et_pb_use_builder":"on","_et_pb_old_content":"","_et_gb_content_width":"","footnotes":""},"class_list":["post-1345","page","type-page","status-publish","hentry"],"_links":{"self":[{"href":"https:\/\/farewell-celebration.mava-foundation.org\/fr\/wp-json\/wp\/v2\/pages\/1345","targetHints":{"allow":["GET"]}}],"collection":[{"href":"https:\/\/farewell-celebration.mava-foundation.org\/fr\/wp-json\/wp\/v2\/pages"}],"about":[{"href":"https:\/\/farewell-celebration.mava-foundation.org\/fr\/wp-json\/wp\/v2\/types\/page"}],"author":[{"embeddable":true,"href":"https:\/\/farewell-celebration.mava-foundation.org\/fr\/wp-json\/wp\/v2\/users\/2"}],"replies":[{"embeddable":true,"href":"https:\/\/farewell-celebration.mava-foundation.org\/fr\/wp-json\/wp\/v2\/comments?post=1345"}],"version-history":[{"count":11,"href":"https:\/\/farewell-celebration.mava-foundation.org\/fr\/wp-json\/wp\/v2\/pages\/1345\/revisions"}],"predecessor-version":[{"id":2072,"href":"https:\/\/farewell-celebration.mava-foundation.org\/fr\/wp-json\/wp\/v2\/pages\/1345\/revisions\/2072"}],"wp:attachment":[{"href":"https:\/\/farewell-celebration.mava-foundation.org\/fr\/wp-json\/wp\/v2\/media?parent=1345"}],"curies":[{"name":"wp","href":"https:\/\/api.w.org\/{rel}","templated":true}]}}